{"id":1977,"date":"2025-11-26T17:17:53","date_gmt":"2025-11-26T20:17:53","guid":{"rendered":"https:\/\/valedopuruna.com.br\/?page_id=1977"},"modified":"2025-11-26T22:12:52","modified_gmt":"2025-11-27T01:12:52","slug":"mascotes","status":"publish","type":"page","link":"https:\/\/valedopuruna.com.br\/en\/mascotes\/","title":{"rendered":"MASCOTES"},"content":{"rendered":"<div data-elementor-type=\"wp-page\" data-elementor-id=\"1977\" class=\"elementor elementor-1977\" data-elementor-post-type=\"page\">\n\t\t\t\t\t\t<section class=\"elementor-section elementor-top-section elementor-element elementor-element-c615751 elementor-section-height-min-height elementor-section-items-stretch elementor-section-boxed elementor-section-height-default\" data-id=\"c615751\" data-element_type=\"section\" data-e-type=\"section\" data-settings=\"{&quot;background_background&quot;:&quot;slideshow&quot;,&quot;background_slideshow_gallery&quot;:[{&quot;id&quot;:52,&quot;url&quot;:&quot;https:\\\/\\\/valedopuruna.com.br\\\/wp-content\\\/uploads\\\/2020\\\/10\\\/fundo_02.jpg&quot;},{&quot;id&quot;:49,&quot;url&quot;:&quot;https:\\\/\\\/valedopuruna.com.br\\\/wp-content\\\/uploads\\\/2020\\\/10\\\/fundo_01.jpg&quot;},{&quot;id&quot;:63,&quot;url&quot;:&quot;https:\\\/\\\/valedopuruna.com.br\\\/wp-content\\\/uploads\\\/2020\\\/10\\\/fundo_03.jpg&quot;}],&quot;background_slideshow_transition_duration&quot;:1500,&quot;background_slideshow_ken_burns&quot;:&quot;yes&quot;,&quot;background_slideshow_loop&quot;:&quot;yes&quot;,&quot;background_slideshow_slide_duration&quot;:5000,&quot;background_slideshow_slide_transition&quot;:&quot;fade&quot;,&quot;background_slideshow_ken_burns_zoom_direction&quot;:&quot;in&quot;}\">\n\t\t\t\t\t\t\t<div class=\"elementor-background-overlay\"><\/div>\n\t\t\t\t\t\t\t<div class=\"elementor-container elementor-column-gap-no\">\n\t\t\t\t\t<div class=\"elementor-column elementor-col-100 elementor-top-column elementor-element elementor-element-227e324\" data-id=\"227e324\" data-element_type=\"column\" data-e-type=\"column\">\n\t\t\t<div class=\"elementor-widget-wrap elementor-element-populated\">\n\t\t\t\t\t\t<div class=\"elementor-element elementor-element-d25f871 elementor-view-default elementor-invisible elementor-widget elementor-widget-icon\" data-id=\"d25f871\" data-element_type=\"widget\" data-e-type=\"widget\" data-settings=\"{&quot;_animation&quot;:&quot;fadeInUp&quot;}\" data-widget_type=\"icon.default\">\n\t\t\t\t<div class=\"elementor-widget-container\">\n\t\t\t\t\t\t\t<div class=\"elementor-icon-wrapper\">\n\t\t\t<div class=\"elementor-icon\">\n\t\t\t<i aria-hidden=\"true\" class=\"fas fa-horse-head\"><\/i>\t\t\t<\/div>\n\t\t<\/div>\n\t\t\t\t\t\t<\/div>\n\t\t\t\t<\/div>\n\t\t\t\t<div class=\"elementor-element elementor-element-cfbee69 elementor-invisible elementor-widget elementor-widget-heading\" data-id=\"cfbee69\" data-element_type=\"widget\" data-e-type=\"widget\" data-settings=\"{&quot;_animation&quot;:&quot;fadeInUp&quot;}\" data-widget_type=\"heading.default\">\n\t\t\t\t<div class=\"elementor-widget-container\">\n\t\t\t\t\t<p class=\"elementor-heading-title elementor-size-default\">Mascotes Vale do Purun\u00e3<\/p>\t\t\t\t<\/div>\n\t\t\t\t<\/div>\n\t\t\t\t\t<\/div>\n\t\t<\/div>\n\t\t\t\t\t<\/div>\n\t\t<\/section>\n\t\t\t\t<section class=\"elementor-section elementor-top-section elementor-element elementor-element-d50b303 elementor-section-height-min-height elementor-section-boxed elementor-section-height-default elementor-section-items-middle\" data-id=\"d50b303\" data-element_type=\"section\" data-e-type=\"section\">\n\t\t\t\t\t\t<div class=\"elementor-container elementor-column-gap-default\">\n\t\t\t\t\t<div class=\"elementor-column elementor-col-50 elementor-top-column elementor-element elementor-element-ad3ce99\" data-id=\"ad3ce99\" data-element_type=\"column\" data-e-type=\"column\">\n\t\t\t<div class=\"elementor-widget-wrap elementor-element-populated\">\n\t\t\t\t\t\t<div class=\"elementor-element elementor-element-102622d elementor-widget elementor-widget-image\" data-id=\"102622d\" data-element_type=\"widget\" data-e-type=\"widget\" data-widget_type=\"image.default\">\n\t\t\t\t<div class=\"elementor-widget-container\">\n\t\t\t\t\t\t\t\t\t\t\t\t\t\t\t\t<a href=\"https:\/\/saoluizdopuruna.com.br\/wp-content\/uploads\/2018\/06\/Mapa-S%C3%A3o-Luiz-do-Purun%C3%A3.pdf\">\n\t\t\t\t\t\t\t<img fetchpriority=\"high\" decoding=\"async\" width=\"640\" height=\"800\" src=\"https:\/\/valedopuruna.com.br\/wp-content\/uploads\/2025\/11\/Mascote-preco-1.jpg\" class=\"attachment-full size-full wp-image-1993\" alt=\"\" srcset=\"https:\/\/valedopuruna.com.br\/wp-content\/uploads\/2025\/11\/Mascote-preco-1.jpg 640w, https:\/\/valedopuruna.com.br\/wp-content\/uploads\/2025\/11\/Mascote-preco-1-240x300.jpg 240w, https:\/\/valedopuruna.com.br\/wp-content\/uploads\/2025\/11\/Mascote-preco-1-10x12.jpg 10w\" sizes=\"(max-width: 640px) 100vw, 640px\" \/>\t\t\t\t\t\t\t\t<\/a>\n\t\t\t\t\t\t\t\t\t\t\t\t\t\t\t<\/div>\n\t\t\t\t<\/div>\n\t\t\t\t\t<\/div>\n\t\t<\/div>\n\t\t\t\t<div class=\"elementor-column elementor-col-50 elementor-top-column elementor-element elementor-element-9656f41\" data-id=\"9656f41\" data-element_type=\"column\" data-e-type=\"column\">\n\t\t\t<div class=\"elementor-widget-wrap elementor-element-populated\">\n\t\t\t\t\t\t<div class=\"elementor-element elementor-element-99b1274 elementor-widget elementor-widget-text-editor\" data-id=\"99b1274\" data-element_type=\"widget\" data-e-type=\"widget\" data-widget_type=\"text-editor.default\">\n\t\t\t\t<div class=\"elementor-widget-container\">\n\t\t\t\t\t\t\t\t\t<p><strong>Elo<\/strong> e <strong>Aurora<\/strong> nasceram em S\u00e3o Luiz do Purun\u00e3.<\/p><p>Foram <strong>tecidos \u00e0 m\u00e3o<\/strong>, ponto por ponto, por quem conhece o tempo da natureza: sem pressa, com cuidado e com prop\u00f3sito.<\/p><p>No territ\u00f3rio de S\u00e3o Luiz do Purun\u00e3, o cavalo sempre foi mais do que um animal.<br \/>\u00c9 <strong>s\u00edmbolo de for\u00e7a, companhia, liberdade e conex\u00e3o<\/strong>!<\/p><p>\u00c9 ele quem guia os caminhos, atravessa campos, sente o vento da natureza, e descansa\u2026enquanto olha o horizonte.<\/p><p>Elo representa muita for\u00e7a, firmeza e a ancestralidade do Purun\u00e3.<\/p><p>Aurora simboliza o nascer de novos ciclos, a delicadeza e o recome\u00e7o.<\/p>\t\t\t\t\t\t\t\t<\/div>\n\t\t\t\t<\/div>\n\t\t\t\t\t<\/div>\n\t\t<\/div>\n\t\t\t\t\t<\/div>\n\t\t<\/section>\n\t\t\t\t<section class=\"elementor-section elementor-top-section elementor-element elementor-element-70129c8 elementor-section-height-min-height elementor-section-boxed elementor-section-height-default elementor-section-items-middle\" data-id=\"70129c8\" data-element_type=\"section\" data-e-type=\"section\">\n\t\t\t\t\t\t<div class=\"elementor-container elementor-column-gap-default\">\n\t\t\t\t\t<div class=\"elementor-column elementor-col-50 elementor-top-column elementor-element elementor-element-722991f\" data-id=\"722991f\" data-element_type=\"column\" data-e-type=\"column\">\n\t\t\t<div class=\"elementor-widget-wrap elementor-element-populated\">\n\t\t\t\t\t\t<div class=\"elementor-element elementor-element-1bf4262 elementor-widget elementor-widget-text-editor\" data-id=\"1bf4262\" data-element_type=\"widget\" data-e-type=\"widget\" data-widget_type=\"text-editor.default\">\n\t\t\t\t<div class=\"elementor-widget-container\">\n\t\t\t\t\t\t\t\t\t<p style=\"text-align: left;\">Juntos, carregam a ess\u00eancia deste lugar \u2014 onde tudo \u00e9 movimento, mas nada perde o sentido.<\/p><p style=\"text-align: left;\">Este pequeno cavalo que voc\u00ea leva para casa, n\u00e3o \u00e9 apenas um artesanato feito \u00e0 m\u00e3o. \u00c9 um peda\u00e7o desta terra, desta energia \u00fanica, da cultura e da experi\u00eancia que voc\u00ea viveu aqui, no Vale do Purun\u00e3.<\/p><p style=\"text-align: left;\">Desejamos que o Elo e a Aurora sigam com voc\u00ea, <br \/>como s\u00edmbolos de coragem, liberdade e prop\u00f3sito.<\/p>\t\t\t\t\t\t\t\t<\/div>\n\t\t\t\t<\/div>\n\t\t\t\t\t<\/div>\n\t\t<\/div>\n\t\t\t\t<div class=\"elementor-column elementor-col-50 elementor-top-column elementor-element elementor-element-e2bc740\" data-id=\"e2bc740\" data-element_type=\"column\" data-e-type=\"column\">\n\t\t\t<div class=\"elementor-widget-wrap elementor-element-populated\">\n\t\t\t\t\t\t<div class=\"elementor-element elementor-element-06a8a2e elementor-widget elementor-widget-image\" data-id=\"06a8a2e\" data-element_type=\"widget\" data-e-type=\"widget\" data-widget_type=\"image.default\">\n\t\t\t\t<div class=\"elementor-widget-container\">\n\t\t\t\t\t\t\t\t\t\t\t\t\t\t\t\t<a href=\"https:\/\/saoluizdopuruna.com.br\/wp-content\/uploads\/2018\/06\/Mapa-S%C3%A3o-Luiz-do-Purun%C3%A3.pdf\">\n\t\t\t\t\t\t\t<img decoding=\"async\" width=\"640\" height=\"800\" src=\"https:\/\/valedopuruna.com.br\/wp-content\/uploads\/2025\/11\/Mascote-preco-2.jpg\" class=\"attachment-full size-full wp-image-1994\" alt=\"\" srcset=\"https:\/\/valedopuruna.com.br\/wp-content\/uploads\/2025\/11\/Mascote-preco-2.jpg 640w, https:\/\/valedopuruna.com.br\/wp-content\/uploads\/2025\/11\/Mascote-preco-2-240x300.jpg 240w, https:\/\/valedopuruna.com.br\/wp-content\/uploads\/2025\/11\/Mascote-preco-2-10x12.jpg 10w\" sizes=\"(max-width: 640px) 100vw, 640px\" \/>\t\t\t\t\t\t\t\t<\/a>\n\t\t\t\t\t\t\t\t\t\t\t\t\t\t\t<\/div>\n\t\t\t\t<\/div>\n\t\t\t\t\t<\/div>\n\t\t<\/div>\n\t\t\t\t\t<\/div>\n\t\t<\/section>\n\t\t\t\t<section class=\"elementor-section elementor-top-section elementor-element elementor-element-6b11045 elementor-section-height-min-height elementor-section-boxed elementor-section-height-default elementor-section-items-middle\" data-id=\"6b11045\" data-element_type=\"section\" data-e-type=\"section\" data-settings=\"{&quot;background_background&quot;:&quot;classic&quot;}\">\n\t\t\t\t\t\t\t<div class=\"elementor-background-overlay\"><\/div>\n\t\t\t\t\t\t\t<div class=\"elementor-container elementor-column-gap-default\">\n\t\t\t\t\t<div class=\"elementor-column elementor-col-100 elementor-top-column elementor-element elementor-element-557ec79\" data-id=\"557ec79\" data-element_type=\"column\" data-e-type=\"column\" data-settings=\"{&quot;animation&quot;:&quot;none&quot;}\">\n\t\t\t<div class=\"elementor-widget-wrap elementor-element-populated\">\n\t\t\t\t\t\t<div class=\"elementor-element elementor-element-1878d6d elementor-widget elementor-widget-heading\" data-id=\"1878d6d\" data-element_type=\"widget\" data-e-type=\"widget\" data-widget_type=\"heading.default\">\n\t\t\t\t<div class=\"elementor-widget-container\">\n\t\t\t\t\t<h2 class=\"elementor-heading-title elementor-size-default\">Para adquirir, fale conosco:<\/h2>\t\t\t\t<\/div>\n\t\t\t\t<\/div>\n\t\t\t\t<div class=\"elementor-element elementor-element-13c26ff elementor-icon-list--layout-traditional elementor-list-item-link-full_width elementor-widget elementor-widget-icon-list\" data-id=\"13c26ff\" data-element_type=\"widget\" data-e-type=\"widget\" data-widget_type=\"icon-list.default\">\n\t\t\t\t<div class=\"elementor-widget-container\">\n\t\t\t\t\t\t\t<ul class=\"elementor-icon-list-items\">\n\t\t\t\t\t\t\t<li class=\"elementor-icon-list-item\">\n\t\t\t\t\t\t\t\t\t\t\t<a href=\"https:\/\/api.whatsapp.com\/send?phone=5541995850577&#038;text=Ol%C3%A1!%20Gostaria%20de%20informa%C3%A7%C3%B5es%20sobre%20os%20Chal%C3%A9s%20do%20Vale%20do%20Purun%C3%A3.\" target=\"_blank\">\n\n\t\t\t\t\t\t\t\t\t\t\t\t<span class=\"elementor-icon-list-icon\">\n\t\t\t\t\t\t\t<i aria-hidden=\"true\" class=\"fab fa-whatsapp\"><\/i>\t\t\t\t\t\t<\/span>\n\t\t\t\t\t\t\t\t\t\t<span class=\"elementor-icon-list-text\">+55 41 99585-0577<\/span>\n\t\t\t\t\t\t\t\t\t\t\t<\/a>\n\t\t\t\t\t\t\t\t\t<\/li>\n\t\t\t\t\t\t\t\t<li class=\"elementor-icon-list-item\">\n\t\t\t\t\t\t\t\t\t\t\t<a href=\"https:\/\/api.whatsapp.com\/send?phone=5541999349955&#038;text=Ol%C3%A1!%20Gostaria%20de%20informa%C3%A7%C3%B5es%20sobre%20os%20Chal%C3%A9s%20do%20Vale%20do%20Purun%C3%A3.\" target=\"_blank\">\n\n\t\t\t\t\t\t\t\t\t\t\t\t<span class=\"elementor-icon-list-icon\">\n\t\t\t\t\t\t\t<i aria-hidden=\"true\" class=\"fab fa-whatsapp\"><\/i>\t\t\t\t\t\t<\/span>\n\t\t\t\t\t\t\t\t\t\t<span class=\"elementor-icon-list-text\">+55 41 99934-9955<\/span>\n\t\t\t\t\t\t\t\t\t\t\t<\/a>\n\t\t\t\t\t\t\t\t\t<\/li>\n\t\t\t\t\t\t<\/ul>\n\t\t\t\t\t\t<\/div>\n\t\t\t\t<\/div>\n\t\t\t\t\t<\/div>\n\t\t<\/div>\n\t\t\t\t\t<\/div>\n\t\t<\/section>\n\t\t\t\t<\/div>","protected":false},"excerpt":{"rendered":"<p>Mascotes Vale do Purun\u00e3 Elo e Aurora nasceram em S\u00e3o Luiz do Purun\u00e3. Foram tecidos \u00e0 m\u00e3o, ponto por ponto, por quem conhece o tempo da natureza: sem pressa, com cuidado e com prop\u00f3sito. No territ\u00f3rio de S\u00e3o Luiz do Purun\u00e3, o cavalo sempre foi mais do que um animal.\u00c9 s\u00edmbolo de for\u00e7a, companhia, liberdade [&hellip;]<\/p>","protected":false},"author":1,"featured_media":978,"parent":0,"menu_order":0,"comment_status":"closed","ping_status":"closed","template":"elementor_header_footer","meta":{"footnotes":""},"class_list":["post-1977","page","type-page","status-publish","has-post-thumbnail","hentry"],"yoast_head":"<!-- This site is optimized with the Yoast SEO plugin v27.4 - https:\/\/yoast.com\/product\/yoast-seo-wordpress\/ -->\n<title>MASCOTES - Vale do Purun\u00e3<\/title>\n<meta name=\"description\" content=\"O Vale do Purun\u00e3 \u2013 Flats de lazer, est\u00e1 cercado de atra\u00e7\u00f5es para quem aprecia passar dias em meio \u00e0 natureza, com hospedagens de conforto.\" \/>\n<meta name=\"robots\" content=\"index, follow, max-snippet:-1, max-image-preview:large, max-video-preview:-1\" \/>\n<link rel=\"canonical\" href=\"https:\/\/valedopuruna.com.br\/en\/mascotes\/\" \/>\n<meta property=\"og:locale\" content=\"en_US\" \/>\n<meta property=\"og:type\" content=\"article\" \/>\n<meta property=\"og:title\" content=\"MASCOTES - Vale do Purun\u00e3\" \/>\n<meta property=\"og:description\" content=\"O Vale do Purun\u00e3 \u2013 Flats de lazer, est\u00e1 cercado de atra\u00e7\u00f5es para quem aprecia passar dias em meio \u00e0 natureza, com hospedagens de conforto.\" \/>\n<meta property=\"og:url\" content=\"https:\/\/valedopuruna.com.br\/en\/mascotes\/\" \/>\n<meta property=\"og:site_name\" content=\"Vale do Purun\u00e3\" \/>\n<meta property=\"article:modified_time\" content=\"2025-11-27T01:12:52+00:00\" \/>\n<meta property=\"og:image\" content=\"https:\/\/valedopuruna.com.br\/wp-content\/uploads\/2021\/05\/logo-seo.jpg\" \/>\n\t<meta property=\"og:image:width\" content=\"649\" \/>\n\t<meta property=\"og:image:height\" content=\"649\" \/>\n\t<meta property=\"og:image:type\" content=\"image\/jpeg\" \/>\n<meta name=\"twitter:card\" content=\"summary_large_image\" \/>\n<meta name=\"twitter:label1\" content=\"Est. reading time\" \/>\n\t<meta name=\"twitter:data1\" content=\"2 minutes\" \/>\n<script type=\"application\/ld+json\" class=\"yoast-schema-graph\">{\"@context\":\"https:\\\/\\\/schema.org\",\"@graph\":[{\"@type\":\"WebPage\",\"@id\":\"https:\\\/\\\/valedopuruna.com.br\\\/mascotes\\\/\",\"url\":\"https:\\\/\\\/valedopuruna.com.br\\\/mascotes\\\/\",\"name\":\"MASCOTES - Vale do Purun\u00e3\",\"isPartOf\":{\"@id\":\"https:\\\/\\\/valedopuruna.com.br\\\/#website\"},\"primaryImageOfPage\":{\"@id\":\"https:\\\/\\\/valedopuruna.com.br\\\/mascotes\\\/#primaryimage\"},\"image\":{\"@id\":\"https:\\\/\\\/valedopuruna.com.br\\\/mascotes\\\/#primaryimage\"},\"thumbnailUrl\":\"https:\\\/\\\/valedopuruna.com.br\\\/wp-content\\\/uploads\\\/2021\\\/05\\\/logo-seo.jpg\",\"datePublished\":\"2025-11-26T20:17:53+00:00\",\"dateModified\":\"2025-11-27T01:12:52+00:00\",\"description\":\"O Vale do Purun\u00e3 \u2013 Flats de lazer, est\u00e1 cercado de atra\u00e7\u00f5es para quem aprecia passar dias em meio \u00e0 natureza, com hospedagens de conforto.\",\"breadcrumb\":{\"@id\":\"https:\\\/\\\/valedopuruna.com.br\\\/mascotes\\\/#breadcrumb\"},\"inLanguage\":\"en-US\",\"potentialAction\":[{\"@type\":\"ReadAction\",\"target\":[\"https:\\\/\\\/valedopuruna.com.br\\\/mascotes\\\/\"]}]},{\"@type\":\"ImageObject\",\"inLanguage\":\"en-US\",\"@id\":\"https:\\\/\\\/valedopuruna.com.br\\\/mascotes\\\/#primaryimage\",\"url\":\"https:\\\/\\\/valedopuruna.com.br\\\/wp-content\\\/uploads\\\/2021\\\/05\\\/logo-seo.jpg\",\"contentUrl\":\"https:\\\/\\\/valedopuruna.com.br\\\/wp-content\\\/uploads\\\/2021\\\/05\\\/logo-seo.jpg\",\"width\":649,\"height\":649,\"caption\":\"Vale do Purun\u00e3 - Flats de Lazer\"},{\"@type\":\"BreadcrumbList\",\"@id\":\"https:\\\/\\\/valedopuruna.com.br\\\/mascotes\\\/#breadcrumb\",\"itemListElement\":[{\"@type\":\"ListItem\",\"position\":1,\"name\":\"In\u00edcio\",\"item\":\"https:\\\/\\\/valedopuruna.com.br\\\/\"},{\"@type\":\"ListItem\",\"position\":2,\"name\":\"MASCOTES\"}]},{\"@type\":\"WebSite\",\"@id\":\"https:\\\/\\\/valedopuruna.com.br\\\/#website\",\"url\":\"https:\\\/\\\/valedopuruna.com.br\\\/\",\"name\":\"Vale do Purun\u00e3\",\"description\":\"Flats de lazer\",\"publisher\":{\"@id\":\"https:\\\/\\\/valedopuruna.com.br\\\/#organization\"},\"potentialAction\":[{\"@type\":\"SearchAction\",\"target\":{\"@type\":\"EntryPoint\",\"urlTemplate\":\"https:\\\/\\\/valedopuruna.com.br\\\/?s={search_term_string}\"},\"query-input\":{\"@type\":\"PropertyValueSpecification\",\"valueRequired\":true,\"valueName\":\"search_term_string\"}}],\"inLanguage\":\"en-US\"},{\"@type\":\"Organization\",\"@id\":\"https:\\\/\\\/valedopuruna.com.br\\\/#organization\",\"name\":\"Vale do Purun\u00e3\",\"url\":\"https:\\\/\\\/valedopuruna.com.br\\\/\",\"logo\":{\"@type\":\"ImageObject\",\"inLanguage\":\"en-US\",\"@id\":\"https:\\\/\\\/valedopuruna.com.br\\\/#\\\/schema\\\/logo\\\/image\\\/\",\"url\":\"https:\\\/\\\/valedopuruna.com.br\\\/wp-content\\\/uploads\\\/2020\\\/10\\\/logo-01.png\",\"contentUrl\":\"https:\\\/\\\/valedopuruna.com.br\\\/wp-content\\\/uploads\\\/2020\\\/10\\\/logo-01.png\",\"width\":399,\"height\":350,\"caption\":\"Vale do Purun\u00e3\"},\"image\":{\"@id\":\"https:\\\/\\\/valedopuruna.com.br\\\/#\\\/schema\\\/logo\\\/image\\\/\"}}]}<\/script>\n<!-- \/ Yoast SEO plugin. -->","yoast_head_json":{"title":"MASCOTES - Vale do Purun\u00e3","description":"O Vale do Purun\u00e3 \u2013 Flats de lazer, est\u00e1 cercado de atra\u00e7\u00f5es para quem aprecia passar dias em meio \u00e0 natureza, com hospedagens de conforto.","robots":{"index":"index","follow":"follow","max-snippet":"max-snippet:-1","max-image-preview":"max-image-preview:large","max-video-preview":"max-video-preview:-1"},"canonical":"https:\/\/valedopuruna.com.br\/en\/mascotes\/","og_locale":"en_US","og_type":"article","og_title":"MASCOTES - Vale do Purun\u00e3","og_description":"O Vale do Purun\u00e3 \u2013 Flats de lazer, est\u00e1 cercado de atra\u00e7\u00f5es para quem aprecia passar dias em meio \u00e0 natureza, com hospedagens de conforto.","og_url":"https:\/\/valedopuruna.com.br\/en\/mascotes\/","og_site_name":"Vale do Purun\u00e3","article_modified_time":"2025-11-27T01:12:52+00:00","og_image":[{"width":649,"height":649,"url":"https:\/\/valedopuruna.com.br\/wp-content\/uploads\/2021\/05\/logo-seo.jpg","type":"image\/jpeg"}],"twitter_card":"summary_large_image","twitter_misc":{"Est. reading time":"2 minutes"},"schema":{"@context":"https:\/\/schema.org","@graph":[{"@type":"WebPage","@id":"https:\/\/valedopuruna.com.br\/mascotes\/","url":"https:\/\/valedopuruna.com.br\/mascotes\/","name":"MASCOTES - Vale do Purun\u00e3","isPartOf":{"@id":"https:\/\/valedopuruna.com.br\/#website"},"primaryImageOfPage":{"@id":"https:\/\/valedopuruna.com.br\/mascotes\/#primaryimage"},"image":{"@id":"https:\/\/valedopuruna.com.br\/mascotes\/#primaryimage"},"thumbnailUrl":"https:\/\/valedopuruna.com.br\/wp-content\/uploads\/2021\/05\/logo-seo.jpg","datePublished":"2025-11-26T20:17:53+00:00","dateModified":"2025-11-27T01:12:52+00:00","description":"O Vale do Purun\u00e3 \u2013 Flats de lazer, est\u00e1 cercado de atra\u00e7\u00f5es para quem aprecia passar dias em meio \u00e0 natureza, com hospedagens de conforto.","breadcrumb":{"@id":"https:\/\/valedopuruna.com.br\/mascotes\/#breadcrumb"},"inLanguage":"en-US","potentialAction":[{"@type":"ReadAction","target":["https:\/\/valedopuruna.com.br\/mascotes\/"]}]},{"@type":"ImageObject","inLanguage":"en-US","@id":"https:\/\/valedopuruna.com.br\/mascotes\/#primaryimage","url":"https:\/\/valedopuruna.com.br\/wp-content\/uploads\/2021\/05\/logo-seo.jpg","contentUrl":"https:\/\/valedopuruna.com.br\/wp-content\/uploads\/2021\/05\/logo-seo.jpg","width":649,"height":649,"caption":"Vale do Purun\u00e3 - Flats de Lazer"},{"@type":"BreadcrumbList","@id":"https:\/\/valedopuruna.com.br\/mascotes\/#breadcrumb","itemListElement":[{"@type":"ListItem","position":1,"name":"In\u00edcio","item":"https:\/\/valedopuruna.com.br\/"},{"@type":"ListItem","position":2,"name":"MASCOTES"}]},{"@type":"WebSite","@id":"https:\/\/valedopuruna.com.br\/#website","url":"https:\/\/valedopuruna.com.br\/","name":"Vale do Purun\u00e3","description":"Flats de lazer","publisher":{"@id":"https:\/\/valedopuruna.com.br\/#organization"},"potentialAction":[{"@type":"SearchAction","target":{"@type":"EntryPoint","urlTemplate":"https:\/\/valedopuruna.com.br\/?s={search_term_string}"},"query-input":{"@type":"PropertyValueSpecification","valueRequired":true,"valueName":"search_term_string"}}],"inLanguage":"en-US"},{"@type":"Organization","@id":"https:\/\/valedopuruna.com.br\/#organization","name":"Vale do Purun\u00e3","url":"https:\/\/valedopuruna.com.br\/","logo":{"@type":"ImageObject","inLanguage":"en-US","@id":"https:\/\/valedopuruna.com.br\/#\/schema\/logo\/image\/","url":"https:\/\/valedopuruna.com.br\/wp-content\/uploads\/2020\/10\/logo-01.png","contentUrl":"https:\/\/valedopuruna.com.br\/wp-content\/uploads\/2020\/10\/logo-01.png","width":399,"height":350,"caption":"Vale do Purun\u00e3"},"image":{"@id":"https:\/\/valedopuruna.com.br\/#\/schema\/logo\/image\/"}}]}},"_links":{"self":[{"href":"https:\/\/valedopuruna.com.br\/en\/wp-json\/wp\/v2\/pages\/1977","targetHints":{"allow":["GET"]}}],"collection":[{"href":"https:\/\/valedopuruna.com.br\/en\/wp-json\/wp\/v2\/pages"}],"about":[{"href":"https:\/\/valedopuruna.com.br\/en\/wp-json\/wp\/v2\/types\/page"}],"author":[{"embeddable":true,"href":"https:\/\/valedopuruna.com.br\/en\/wp-json\/wp\/v2\/users\/1"}],"replies":[{"embeddable":true,"href":"https:\/\/valedopuruna.com.br\/en\/wp-json\/wp\/v2\/comments?post=1977"}],"version-history":[{"count":13,"href":"https:\/\/valedopuruna.com.br\/en\/wp-json\/wp\/v2\/pages\/1977\/revisions"}],"predecessor-version":[{"id":1997,"href":"https:\/\/valedopuruna.com.br\/en\/wp-json\/wp\/v2\/pages\/1977\/revisions\/1997"}],"wp:featuredmedia":[{"embeddable":true,"href":"https:\/\/valedopuruna.com.br\/en\/wp-json\/wp\/v2\/media\/978"}],"wp:attachment":[{"href":"https:\/\/valedopuruna.com.br\/en\/wp-json\/wp\/v2\/media?parent=1977"}],"curies":[{"name":"wp","href":"https:\/\/api.w.org\/{rel}","templated":true}]}}